{"id":3893,"date":"2025-01-15T15:04:34","date_gmt":"2025-01-15T20:04:34","guid":{"rendered":"https:\/\/www.taqauto.com\/?page_id=3893"},"modified":"2025-12-05T22:53:32","modified_gmt":"2025-12-06T03:53:32","slug":"stories","status":"publish","type":"page","link":"https:\/\/www.taqauto.com\/fr\/stories\/","title":{"rendered":"Histoires"},"content":{"rendered":"\n\n\t\tVotre strat\u00e9gie est<br \/>\nnotre strat\u00e9gie.\n\t\t<meta itemprop=\"url\" content=\"https:\/\/d3270czqemamjo.cloudfront.net\/taqauto-com\/wp-content\/uploads\/2025\/01\/05034609\/JC-Customization-w-captions_FRE.mp4\" \/><div style=\"width: 640px;\" class=\"wp-video\"><video class=\"wp-video-shortcode\" id=\"video-3893-1\" width=\"640\" height=\"360\" poster=\"https:\/\/d3270czqemamjo.cloudfront.net\/taqauto-com\/wp-content\/uploads\/2025\/01\/05155525\/JC-thumb_FRE.png\" preload=\"none\" controls=\"controls\"><source type=\"video\/mp4\" src=\"https:\/\/d3270czqemamjo.cloudfront.net\/taqauto-com\/wp-content\/uploads\/2025\/01\/05034609\/JC-Customization-w-captions_FRE.mp4?_=1\" \/><source type=\"video\/mp4\" src=\"https:\/\/d3270czqemamjo.cloudfront.net\/taqauto-com\/wp-content\/uploads\/2025\/01\/05034609\/JC-Customization-w-captions_FRE.mp4?_=1\" \/><a href=\"https:\/\/d3270czqemamjo.cloudfront.net\/taqauto-com\/wp-content\/uploads\/2025\/01\/05034609\/JC-Customization-w-captions_FRE.mp4\">https:\/\/d3270czqemamjo.cloudfront.net\/taqauto-com\/wp-content\/uploads\/2025\/01\/05034609\/JC-Customization-w-captions_FRE.mp4<\/a><\/video><\/div>\t\n\t\t\t\t<img decoding=\"async\" src=\"https:\/\/www.taqauto.com\/wp-content\/uploads\/2024\/12\/ford.png\" alt=\"Ford logo\" itemprop=\"image\" height=\"200\" width=\"200\" title=\"ford\" onerror=\"this.style.display='none'\" loading=\"lazy\" \/>\n\t\t\t\t<img decoding=\"async\" src=\"https:\/\/www.taqauto.com\/wp-content\/uploads\/2024\/12\/GM.png\" alt=\"General Motors logo\" itemprop=\"image\" height=\"200\" width=\"200\" title=\"GM\" onerror=\"this.style.display='none'\" loading=\"lazy\" \/>\n\t\t\t\t<img decoding=\"async\" src=\"https:\/\/www.taqauto.com\/wp-content\/uploads\/2025\/01\/iA-logo_FRE_200.png\" alt=\"iA Groupe Financier\" itemprop=\"image\" height=\"200\" width=\"200\" title=\"iA-logo_FRE_200\" onerror=\"this.style.display='none'\" loading=\"lazy\" \/>\n\t\t\t\t<img decoding=\"async\" src=\"https:\/\/www.taqauto.com\/wp-content\/uploads\/2024\/12\/lucid.png\" alt=\"Lucid Motors logo\" itemprop=\"image\" height=\"200\" width=\"200\" title=\"lucid\" onerror=\"this.style.display='none'\" loading=\"lazy\" \/>\n\t\t\t\t<img decoding=\"async\" src=\"https:\/\/www.taqauto.com\/wp-content\/uploads\/2024\/12\/maserati-2.png\" alt=\"Maserati logo\" itemprop=\"image\" height=\"200\" width=\"200\" title=\"maserati\" onerror=\"this.style.display='none'\" loading=\"lazy\" \/>\n\t\t\t\t<img decoding=\"async\" src=\"https:\/\/www.taqauto.com\/wp-content\/uploads\/2024\/12\/mazda.png\" alt=\"Mazda logo\" itemprop=\"image\" height=\"200\" width=\"200\" title=\"mazda\" onerror=\"this.style.display='none'\" loading=\"lazy\" \/>\n\t\t\t\t<img decoding=\"async\" src=\"https:\/\/www.taqauto.com\/wp-content\/uploads\/2024\/12\/RBC-1.png\" alt=\"RBC logo\" itemprop=\"image\" height=\"200\" width=\"200\" title=\"RBC\" onerror=\"this.style.display='none'\" loading=\"lazy\" \/>\n\t\t\t\t<img decoding=\"async\" src=\"https:\/\/www.taqauto.com\/wp-content\/uploads\/2024\/12\/LC.png\" alt=\"SCI Lease Corp logo\" itemprop=\"image\" height=\"200\" width=\"200\" title=\"LC\" onerror=\"this.style.display='none'\" loading=\"lazy\" \/>\n\t\t\t\t<img decoding=\"async\" src=\"https:\/\/www.taqauto.com\/wp-content\/uploads\/2024\/12\/setallantis-2.png\" alt=\"Stellantis logo\" itemprop=\"image\" height=\"200\" width=\"200\" title=\"setallantis\" onerror=\"this.style.display='none'\" loading=\"lazy\" \/>\n\t\t\t\t<img decoding=\"async\" src=\"https:\/\/www.taqauto.com\/wp-content\/uploads\/2024\/12\/VF-1.png\" alt=\"VinFast logo\" itemprop=\"image\" height=\"200\" width=\"200\" title=\"VF\" onerror=\"this.style.display='none'\" loading=\"lazy\" \/>\n\t<h2><strong>Solution Personnalis\u00e9e 1<\/strong><\/h2>\n\tCette organisation de location a demand\u00e9 \u00e0 taq de lui fournir une solution de location compl\u00e8tement<br \/>\nnum\u00e9rique novatrice qu&rsquo;elle pourrait utiliser sur le march\u00e9.\n\t<h3><strong>Solutions :<\/strong><\/h3>\n<p><strong>taq<\/strong> a tir\u00e9 profit de ses plateformes de portail de cr\u00e9dit, de gestion des clients potentiels et des portefeuilles, puis a personnalis\u00e9 et fabriqu\u00e9 d&rsquo;autres composants pour soutenir les besoins de ce pr\u00eateur.<\/p>\n<p>Les fonctionnalit\u00e9s personnalis\u00e9es comprennent\u00a0:<\/p>\n<ul>\n<li>une plateforme d&rsquo;arriv\u00e9e \u00e0 la fine pointe<\/li>\n<li>un portail de commerce au d\u00e9tail num\u00e9rique bas\u00e9 principalement sur les plateformes mobiles<\/li>\n<li>un site Web de recommercialisation<\/li>\n<li>un programme num\u00e9rique de fin de location de bout en bout<\/li>\n<li>un processus de transfert des locations num\u00e9riques pair \u00e0 pair<\/li>\n<li>une offre de programme d&rsquo;exc\u00e8s d&rsquo;usure du march\u00e9 secondaire<\/li>\n<li>Fili\u00e8re Digitale, une plateforme novatrice qui r\u00e9sout les probl\u00e8mes de financement<\/li>\n<\/ul>\n\t<h2><strong>Solution Personnalis\u00e9e 2<\/strong><\/h2>\n\tNous avons \u00e9tabli un partenariat avec un OEM D2C qui \u00e9tait nouveau sur le march\u00e9 canadien.<br \/>\nIls avaient besoin d&rsquo;une solution directe avec le client.\n\t<h3><strong>Solutions :<\/strong><\/h3>\n<p>Nous avons tir\u00e9 profit de notre plateforme de commerce au d\u00e9tail num\u00e9rique en ajoutant des fonctionnalit\u00e9s pour cr\u00e9er une offre robuste. Cette solution int\u00e9grait\u00a0:<\/p>\n<ul>\n<li>Virtual F&amp;I office pour aider \u00e0 la livraison du processus<\/li>\n<li>Des applications de cr\u00e9dit num\u00e9riques<\/li>\n<li>Des processus d&rsquo;approbation<\/li>\n<\/ul>\n\t<h2><strong>Solution Personnalis\u00e9e 3<\/strong><\/h2>\n\t<strong>Objectif du pr\u00eateur<\/strong> : Ce pr\u00eateur voulait une offre de pr\u00e9qualification pour appuyer la livraison de pistes de vente<br \/>\nfra\u00eeches \u00e0 sa communaut\u00e9 de concessionnaires.\n\t<h3><strong>Solutions :<\/strong><\/h3>\n<p>Nous avons utilis\u00e9 notre gestion des clients potentiels existante et le canal de livraison des pistes de vente, nous avons construit et livr\u00e9 un outil de pr\u00e9qualification personnalisable \u00e9quip\u00e9 d&rsquo;une fonctionnalit\u00e9 de g\u00e9olocalisation des concessionnaires et nous l&rsquo;avons h\u00e9berg\u00e9 sur le site Web du pr\u00eateur.<\/p>\n\t<h2><strong>Solution Personnalis\u00e9e 4<\/strong><\/h2>\n\t<p>Cet \u00e9quipementier am\u00e9ricain avait besoin de consolider ses clients potentiels num\u00e9riques et les fournir \u00e0 sa communaut\u00e9 de concessionnaires.<\/p>\n\t<h3><strong>Solutions :<\/strong><\/h3>\n<p><strong>taq<\/strong> a con\u00e7u et livr\u00e9 une plateforme personnalis\u00e9e de gestion et fourniture de clients potentiels robuste qui a offert \u00e0 l&rsquo;\u00e9quipementier une vue holistique de ses activit\u00e9s commerciales, des processus de donn\u00e9es solidifi\u00e9es et des structures de rapport \u00e9tablies.<\/p>\n\t<h2><strong>Solution Personnalis\u00e9e 5<\/strong><\/h2>\n\t<p><strong>Objectif de l&rsquo;\u00e9quipementier\u00a0: <\/strong>L&rsquo;\u00e9quipementier avait besoin d&rsquo;un fournisseur de gestion des clients potentiels certifi\u00e9 pour recueillir des perspectives sur les clients potentiels et le portefeuille afin d&rsquo;aider les concessionnaires \u00e0 prendre des d\u00e9cisions commerciales.<\/p>\n\t<h3><strong>Solutions :<\/strong><\/h3>\n<p><strong>taq<\/strong> a \u00e9labor\u00e9 un programme de gestion des clients potentiels certifi\u00e9 personnalisable pour l&rsquo;\u00e9quipementier. Ceci lui permet de moderniser son processus, d&rsquo;\u00e9tendre l&rsquo;autonomie de ses concessionnaires tout en pr\u00e9servant leurs donn\u00e9es.<\/p>\n\n","protected":false},"excerpt":{"rendered":"<p>Votre strat\u00e9gie est notre strat\u00e9gie. Solution Personnalis\u00e9e 1 Cette organisation de location a demand\u00e9 \u00e0 taq de lui fournir une&hellip;<\/p>\n","protected":false},"author":10,"featured_media":0,"parent":0,"menu_order":0,"comment_status":"closed","ping_status":"closed","template":"","meta":{"_acf_changed":false,"footnotes":""},"class_list":["post-3893","page","type-page","status-publish","hentry"],"acf":[],"yoast_head":"<!-- This site is optimized with the Yoast SEO plugin v26.8 - https:\/\/yoast.com\/product\/yoast-seo-wordpress\/ -->\n<title>Histoires - taq<\/title>\n<meta name=\"robots\" content=\"index, follow, max-snippet:-1, max-image-preview:large, max-video-preview:-1\" \/>\n<link rel=\"canonical\" href=\"https:\/\/www.taqauto.com\/fr\/stories\/\" \/>\n<meta property=\"og:locale\" content=\"fr_CA\" \/>\n<meta property=\"og:type\" content=\"article\" \/>\n<meta property=\"og:title\" content=\"Histoires - taq\" \/>\n<meta property=\"og:description\" content=\"Votre strat\u00e9gie est notre strat\u00e9gie. Solution Personnalis\u00e9e 1 Cette organisation de location a demand\u00e9 \u00e0 taq de lui fournir une&hellip;\" \/>\n<meta property=\"og:url\" content=\"https:\/\/www.taqauto.com\/fr\/stories\/\" \/>\n<meta property=\"og:site_name\" content=\"taq\" \/>\n<meta property=\"article:modified_time\" content=\"2025-12-06T03:53:32+00:00\" \/>\n<meta property=\"og:image\" content=\"https:\/\/dev.taqauto.com\/wp-content\/uploads\/2024\/12\/ford.png\" \/>\n<meta name=\"twitter:card\" content=\"summary_large_image\" \/>\n<script type=\"application\/ld+json\" class=\"yoast-schema-graph\">{\"@context\":\"https:\/\/schema.org\",\"@graph\":[{\"@type\":\"WebPage\",\"@id\":\"https:\/\/www.taqauto.com\/fr\/stories\/\",\"url\":\"https:\/\/www.taqauto.com\/fr\/stories\/\",\"name\":\"Histoires - taq\",\"isPartOf\":{\"@id\":\"https:\/\/dev.taqauto.com\/#website\"},\"primaryImageOfPage\":{\"@id\":\"https:\/\/www.taqauto.com\/fr\/stories\/#primaryimage\"},\"image\":{\"@id\":\"https:\/\/www.taqauto.com\/fr\/stories\/#primaryimage\"},\"thumbnailUrl\":\"https:\/\/www.taqauto.com\/wp-content\/uploads\/2024\/12\/ford.png\",\"datePublished\":\"2025-01-15T20:04:34+00:00\",\"dateModified\":\"2025-12-06T03:53:32+00:00\",\"breadcrumb\":{\"@id\":\"https:\/\/www.taqauto.com\/fr\/stories\/#breadcrumb\"},\"inLanguage\":\"fr-CA\",\"potentialAction\":[{\"@type\":\"ReadAction\",\"target\":[\"https:\/\/www.taqauto.com\/fr\/stories\/\"]}]},{\"@type\":\"ImageObject\",\"inLanguage\":\"fr-CA\",\"@id\":\"https:\/\/www.taqauto.com\/fr\/stories\/#primaryimage\",\"url\":\"https:\/\/www.taqauto.com\/wp-content\/uploads\/2024\/12\/ford.png\",\"contentUrl\":\"https:\/\/www.taqauto.com\/wp-content\/uploads\/2024\/12\/ford.png\"},{\"@type\":\"BreadcrumbList\",\"@id\":\"https:\/\/www.taqauto.com\/fr\/stories\/#breadcrumb\",\"itemListElement\":[{\"@type\":\"ListItem\",\"position\":1,\"name\":\"Home\",\"item\":\"https:\/\/dev.taqauto.com\/fr\/\"},{\"@type\":\"ListItem\",\"position\":2,\"name\":\"Histoires\"}]},{\"@type\":\"WebSite\",\"@id\":\"https:\/\/dev.taqauto.com\/#website\",\"url\":\"https:\/\/dev.taqauto.com\/\",\"name\":\"taq\",\"description\":\"We\u2019re creating a smarter way to sell cars.\",\"potentialAction\":[{\"@type\":\"SearchAction\",\"target\":{\"@type\":\"EntryPoint\",\"urlTemplate\":\"https:\/\/dev.taqauto.com\/?s={search_term_string}\"},\"query-input\":{\"@type\":\"PropertyValueSpecification\",\"valueRequired\":true,\"valueName\":\"search_term_string\"}}],\"inLanguage\":\"fr-CA\"}]}<\/script>\n<!-- \/ Yoast SEO plugin. -->","yoast_head_json":{"title":"Histoires - taq","robots":{"index":"index","follow":"follow","max-snippet":"max-snippet:-1","max-image-preview":"max-image-preview:large","max-video-preview":"max-video-preview:-1"},"canonical":"https:\/\/www.taqauto.com\/fr\/stories\/","og_locale":"fr_CA","og_type":"article","og_title":"Histoires - taq","og_description":"Votre strat\u00e9gie est notre strat\u00e9gie. Solution Personnalis\u00e9e 1 Cette organisation de location a demand\u00e9 \u00e0 taq de lui fournir une&hellip;","og_url":"https:\/\/www.taqauto.com\/fr\/stories\/","og_site_name":"taq","article_modified_time":"2025-12-06T03:53:32+00:00","og_image":[{"url":"https:\/\/dev.taqauto.com\/wp-content\/uploads\/2024\/12\/ford.png","type":"","width":"","height":""}],"twitter_card":"summary_large_image","schema":{"@context":"https:\/\/schema.org","@graph":[{"@type":"WebPage","@id":"https:\/\/www.taqauto.com\/fr\/stories\/","url":"https:\/\/www.taqauto.com\/fr\/stories\/","name":"Histoires - taq","isPartOf":{"@id":"https:\/\/dev.taqauto.com\/#website"},"primaryImageOfPage":{"@id":"https:\/\/www.taqauto.com\/fr\/stories\/#primaryimage"},"image":{"@id":"https:\/\/www.taqauto.com\/fr\/stories\/#primaryimage"},"thumbnailUrl":"https:\/\/www.taqauto.com\/wp-content\/uploads\/2024\/12\/ford.png","datePublished":"2025-01-15T20:04:34+00:00","dateModified":"2025-12-06T03:53:32+00:00","breadcrumb":{"@id":"https:\/\/www.taqauto.com\/fr\/stories\/#breadcrumb"},"inLanguage":"fr-CA","potentialAction":[{"@type":"ReadAction","target":["https:\/\/www.taqauto.com\/fr\/stories\/"]}]},{"@type":"ImageObject","inLanguage":"fr-CA","@id":"https:\/\/www.taqauto.com\/fr\/stories\/#primaryimage","url":"https:\/\/www.taqauto.com\/wp-content\/uploads\/2024\/12\/ford.png","contentUrl":"https:\/\/www.taqauto.com\/wp-content\/uploads\/2024\/12\/ford.png"},{"@type":"BreadcrumbList","@id":"https:\/\/www.taqauto.com\/fr\/stories\/#breadcrumb","itemListElement":[{"@type":"ListItem","position":1,"name":"Home","item":"https:\/\/dev.taqauto.com\/fr\/"},{"@type":"ListItem","position":2,"name":"Histoires"}]},{"@type":"WebSite","@id":"https:\/\/dev.taqauto.com\/#website","url":"https:\/\/dev.taqauto.com\/","name":"taq","description":"We\u2019re creating a smarter way to sell cars.","potentialAction":[{"@type":"SearchAction","target":{"@type":"EntryPoint","urlTemplate":"https:\/\/dev.taqauto.com\/?s={search_term_string}"},"query-input":{"@type":"PropertyValueSpecification","valueRequired":true,"valueName":"search_term_string"}}],"inLanguage":"fr-CA"}]}},"_links":{"self":[{"href":"https:\/\/www.taqauto.com\/fr\/wp-json\/wp\/v2\/pages\/3893","targetHints":{"allow":["GET"]}}],"collection":[{"href":"https:\/\/www.taqauto.com\/fr\/wp-json\/wp\/v2\/pages"}],"about":[{"href":"https:\/\/www.taqauto.com\/fr\/wp-json\/wp\/v2\/types\/page"}],"author":[{"embeddable":true,"href":"https:\/\/www.taqauto.com\/fr\/wp-json\/wp\/v2\/users\/10"}],"replies":[{"embeddable":true,"href":"https:\/\/www.taqauto.com\/fr\/wp-json\/wp\/v2\/comments?post=3893"}],"version-history":[{"count":2,"href":"https:\/\/www.taqauto.com\/fr\/wp-json\/wp\/v2\/pages\/3893\/revisions"}],"predecessor-version":[{"id":4117,"href":"https:\/\/www.taqauto.com\/fr\/wp-json\/wp\/v2\/pages\/3893\/revisions\/4117"}],"wp:attachment":[{"href":"https:\/\/www.taqauto.com\/fr\/wp-json\/wp\/v2\/media?parent=3893"}],"curies":[{"name":"wp","href":"https:\/\/api.w.org\/{rel}","templated":true}]}}