{"id":3998,"date":"2020-11-11T18:49:57","date_gmt":"2020-11-11T18:49:57","guid":{"rendered":"https:\/\/www.taqauto.com\/?page_id=3998"},"modified":"2025-01-29T17:48:21","modified_gmt":"2025-01-29T22:48:21","slug":"accessibility","status":"publish","type":"page","link":"https:\/\/www.taqauto.com\/fr\/accessibility\/","title":{"rendered":"Accessibility"},"content":{"rendered":"\n<h1>\n\t\tPolitiques, pratiques et proc\u00e9dures relatives au Service \u00e0 la client\u00e8le\n\t<\/h1>\n<p>Fourniture de biens et services aux personnes handicap\u00e9es.<\/p>\n\t\t\t\t\t<a href=\"#\" id=\"fl-accordion--label-0\" tabindex=\"0\" aria-controls=\"fl-accordion--panel-0\">Introduction<\/a>\n\t\t\t\t\t\t\t\t\t\t\t<a href=\"#\" id=\"fl-accordion--icon-0\" tabindex=\"0\" aria-controls=\"fl-accordion--panel-0\"><i>Expand<\/i><\/a>\n\t\t\t\t\t<p>taq s&rsquo;engage \u00e0 fournir l&rsquo;\u00e9galit\u00e9 d&rsquo;acc\u00e8s aux biens et services ainsi qu&rsquo;un service \u00e0 la client\u00e8le exceptionnel et accessible.\u00a0<strong>taq<\/strong>\u00a0est tenue de se conformer \u00e0 la\u00a0<em>Loi de 2005 sur l&rsquo;accessibilit\u00e9 pour les personnes handicap\u00e9es de l&rsquo;Ontario\u00a0<\/em>(LAPHO) et au R\u00e8glement de l&rsquo;Ontario 429\/07 (Normes d&rsquo;accessibilit\u00e9 pour les services \u00e0 la client\u00e8le). Afin d&rsquo;obtenir les r\u00e9sultats voulus,\u00a0<strong>taq<\/strong>\u00a0a \u00e9labor\u00e9 des proc\u00e9dures et politiques op\u00e9rationnelles en accord avec les lignes directrices sur la dignit\u00e9, l&rsquo;autonomie, l&rsquo;int\u00e9gration et l&rsquo;\u00e9galit\u00e9 des chances et conformes \u00e0 la LAPHO.<\/p>\n\t\t\t\t\t<a href=\"#\" id=\"fl-accordion--label-1\" tabindex=\"0\" aria-controls=\"fl-accordion--panel-1\">D\u00e9claration d&rsquo;engagement de l&rsquo;entreprise<\/a>\n\t\t\t\t\t\t\t\t\t\t\t<a href=\"#\" id=\"fl-accordion--icon-1\" tabindex=\"0\" aria-controls=\"fl-accordion--panel-1\"><i>Expand<\/i><\/a>\n\t\t\t\t\t<p><strong>taq<\/strong>\u00a0s&rsquo;engage \u00e0 fournir aux personnes handicap\u00e9es l&rsquo;\u00e9galit\u00e9 d&rsquo;acc\u00e8s et de participation. Nous sommes engag\u00e9s \u00e0 traiter les personnes handicap\u00e9es de mani\u00e8re \u00e0 leur permettre de conserver leur dignit\u00e9 et leur autonomie. Nous croyons \u00e0 l&rsquo;int\u00e9gration et nous sommes engag\u00e9s \u00e0 r\u00e9pondre aux besoins des personnes handicap\u00e9es dans des d\u00e9lais raisonnables. Nous le ferons en \u00e9liminant et en pr\u00e9venant les obstacles \u00e0 l&rsquo;accessibilit\u00e9 et en respectant nos exigences en mati\u00e8re d&rsquo;accessibilit\u00e9 en vertu des lois sur l&rsquo;accessibilit\u00e9 de l&rsquo;Ontario.<\/p>\n\t\t\t\t\t<a href=\"#\" id=\"fl-accordion--label-2\" tabindex=\"0\" aria-controls=\"fl-accordion--panel-2\">Port\u00e9e<\/a>\n\t\t\t\t\t\t\t\t\t\t\t<a href=\"#\" id=\"fl-accordion--icon-2\" tabindex=\"0\" aria-controls=\"fl-accordion--panel-2\"><i>Expand<\/i><\/a>\n\t\t\t\t\t<p>La Politique s&rsquo;applique \u00e0 toute personne qui fournit pour le compte de\u00a0<strong>taq<\/strong>\u00a0des biens ou des services \u00e0 des clients externes et des tiers (collectivement appel\u00e9s \u00ab clients \u00bb) en Ontario, que cette personne fournisse les biens ou les services \u00e0 titre d&#8217;employ\u00e9, de consultant autonome, d&rsquo;agent, de b\u00e9n\u00e9vole ou autrement. La Politique s&rsquo;applique aussi \u00e0 toute personne participant \u00e0 l&rsquo;\u00e9laboration des politiques, proc\u00e9dures et pratiques relatives \u00e0 la fourniture de biens et services \u00e0 des clients de\u00a0<strong>taq<\/strong>.<\/p>\n\t\t\t\t\t<a href=\"#\" id=\"fl-accordion--label-3\" tabindex=\"0\" aria-controls=\"fl-accordion--panel-3\">Fourniture de biens et services aux personnes handicap\u00e9es<\/a>\n\t\t\t\t\t\t\t\t\t\t\t<a href=\"#\" id=\"fl-accordion--icon-3\" tabindex=\"0\" aria-controls=\"fl-accordion--panel-3\"><i>Expand<\/i><\/a>\n\t\t\t\t\t<p><strong>taq<\/strong>\u00a0s&rsquo;engage \u00e0 fournir un excellent service \u00e0 tous les clients, y compris les personnes handicap\u00e9es, et\u00a0<strong>taq<\/strong>\u00a0s&rsquo;acquitte de ses fonctions et responsabilit\u00e9s dans les domaines ci-apr\u00e8s :<\/p>\n<ol>\n<li><strong>Communication<\/strong><br \/>\n<strong>taq<\/strong>\u00a0communique avec les personnes handicap\u00e9es avec courtoisie en tenant compte de leur handicap particulier et de toute mesure d&rsquo;adaptation qui pourrait \u00eatre n\u00e9cessaire.\u00a0<strong>taq<\/strong>\u00a0s&rsquo;engage \u00e0 former son personnel en contact avec les clients sur la fa\u00e7on d&rsquo;interagir et de communiquer avec les personnes ayant divers types de handicaps.<\/li>\n<li><strong>Services t\u00e9l\u00e9phoniques<\/strong><br \/>\n<strong>taq<\/strong>\u00a0s&rsquo;engage \u00e0 offrir \u00e0 sa client\u00e8le des services t\u00e9l\u00e9phoniques enti\u00e8rement accessibles.\u00a0<strong>taq<\/strong>\u00a0forme son personnel afin qu&rsquo;il communique avec la client\u00e8le au t\u00e9l\u00e9phone dans un langage clair et simple et qu&rsquo;il parle clairement et lentement.\u00a0<strong>taq<\/strong>\u00a0offre aux clients d&rsquo;autres options de communication (texto, courriel, service de relais, etc.) si la communication par t\u00e9l\u00e9phone ne convient pas \u00e0 leurs besoins ou n&rsquo;est pas disponible.<\/li>\n<li><strong>Appareils fonctionnels<\/strong><br \/>\n<strong>taq<\/strong>\u00a0s&rsquo;engage \u00e0 servir les personnes handicap\u00e9es qui utilisent des appareils fonctionnels pour obtenir ou utiliser ses services ou pour en b\u00e9n\u00e9ficier.\u00a0<strong>taq<\/strong>\u00a0veille \u00e0 ce que son personnel re\u00e7oive la formation ad\u00e9quate et soit familiaris\u00e9 avec les divers appareils fonctionnels \u00e0 sa disposition ou fournis et susceptibles d&rsquo;\u00eatre utilis\u00e9s par les personnes handicap\u00e9es, notamment les ascenseurs, les rampes d&rsquo;acc\u00e8s pour fauteuil roulant et les toilettes accessibles en fauteuil roulant.<\/li>\n<\/ol>\n\t\t\t\t\t<a href=\"#\" id=\"fl-accordion--label-4\" tabindex=\"0\" aria-controls=\"fl-accordion--panel-4\">Utilisation d&rsquo;un animal d&rsquo;animal assistance et d&rsquo;une personne de confiance<\/a>\n\t\t\t\t\t\t\t\t\t\t\t<a href=\"#\" id=\"fl-accordion--icon-4\" tabindex=\"0\" aria-controls=\"fl-accordion--panel-4\"><i>Expand<\/i><\/a>\n\t\t\t\t\t<p><strong>taq<\/strong>\u00a0accueille les personnes handicap\u00e9es accompagn\u00e9es d&rsquo;un animal d&rsquo;assistance ou d&rsquo;une personne de confiance.\u00a0<strong>taq<\/strong>\u00a0s&rsquo;engage \u00e0 s&rsquo;assurer que le personnel, les b\u00e9n\u00e9voles et autres personnes en contact avec le public soient correctement form\u00e9s sur la fa\u00e7on d&rsquo;interagir avec les personnes handicap\u00e9es accompagn\u00e9es d&rsquo;un animal d&rsquo;assistance.<\/p>\n<p><strong>taq<\/strong>\u00a0accueille les personnes handicap\u00e9es accompagn\u00e9es d&rsquo;une personne de confiance. Toute personne handicap\u00e9e accompagn\u00e9e d&rsquo;une personne de confiance peut p\u00e9n\u00e9trer dans les locaux de\u00a0<strong>taq<\/strong>\u00a0en compagnie de sa personne de confiance. En aucun temps une personne handicap\u00e9e accompagn\u00e9e d&rsquo;une personne de confiance ne se verra refuser l&rsquo;acc\u00e8s \u00e0 sa personne de confiance pendant qu&rsquo;elle se trouve dans les locaux de\u00a0<strong>taq<\/strong>\u00a0. \u00c0 l&rsquo;occasion, une personne de confiance pourrait devoir signer une entente de confidentialit\u00e9, selon les circonstances particuli\u00e8res \u00e0 chaque cas.<\/p>\n\t\t\t\t\t<a href=\"#\" id=\"fl-accordion--label-5\" tabindex=\"0\" aria-controls=\"fl-accordion--panel-5\">Avis de perturbation temporaire<\/a>\n\t\t\t\t\t\t\t\t\t\t\t<a href=\"#\" id=\"fl-accordion--icon-5\" tabindex=\"0\" aria-controls=\"fl-accordion--panel-5\"><i>Expand<\/i><\/a>\n\t\t\t\t\t<p>En cas de perturbation pr\u00e9vue ou impr\u00e9vue de ses services ou de l&rsquo;acc\u00e8s \u00e0 ses installations pour les personnes handicap\u00e9es,\u00a0<strong>taq<\/strong>\u00a0en informera sa client\u00e8le aussi rapidement que possible. Un avis affich\u00e9 de mani\u00e8re visible indiquera les raisons de la perturbation, sa dur\u00e9e pr\u00e9vue et les installations ou services de remplacement disponibles, le cas \u00e9ch\u00e9ant.<\/p>\n\t\t\t\t\t<a href=\"#\" id=\"fl-accordion--label-6\" tabindex=\"0\" aria-controls=\"fl-accordion--panel-6\">Formation pour le personnel<\/a>\n\t\t\t\t\t\t\t\t\t\t\t<a href=\"#\" id=\"fl-accordion--icon-6\" tabindex=\"0\" aria-controls=\"fl-accordion--panel-6\"><i>Expand<\/i><\/a>\n\t\t\t\t\t<p><strong>taq<\/strong>\u00a0fournira une formation aux employ\u00e9s, b\u00e9n\u00e9voles et autres personnes en contact avec le public ou d&rsquo;autres tiers pour le compte de\u00a0<strong>taq<\/strong>. De plus,\u00a0<strong>taq<\/strong>\u00a0fournira de la formation \u00e0 toute personne participant \u00e0 l&rsquo;\u00e9laboration des politiques, proc\u00e9dures et pratiques relatives \u00e0 la fourniture de biens et services \u00e0 ses clients.<\/p>\n<p>La formation portera entre autres sur ce qui suit :<\/p>\n<ul>\n<li>une vue d&rsquo;ensemble de la Loi de 2005 sur l&rsquo;accessibilit\u00e9 pour les personnes handicap\u00e9es de l&rsquo;Ontario et des exigences de la Norme d&rsquo;accessibilit\u00e9 pour les services \u00e0 la client\u00e8le.<\/li>\n<li>la mani\u00e8re d&rsquo;interagir et de communiquer avec des personnes ayant divers types de handicaps.<\/li>\n<li>la mani\u00e8re d&rsquo;interagir avec des personnes handicap\u00e9es qui utilisent un appareil fonctionnel ou qui ont besoin d&rsquo;un animal d&rsquo;assistance ou d&rsquo;une personne de confiance.<\/li>\n<li>ce qu&rsquo;il convient de faire si une personne handicap\u00e9e a de la difficult\u00e9 \u00e0 acc\u00e9der aux biens et services de\u00a0<strong>taq<\/strong>.<\/li>\n<li>les politiques, pratiques et proc\u00e9dures de\u00a0<strong>taq<\/strong>\u00a0relatives aux normes du service \u00e0 la client\u00e8le.<\/li>\n<\/ul>\n<p>La formation sera fournie sur une base individuelle d\u00e8s que possible apr\u00e8s l&rsquo;affectation des t\u00e2ches applicables. La formation sera aussi fournie sur une base continue, au besoin, en cas de modifications aux politiques, pratiques et proc\u00e9dures r\u00e9gissant la fourniture de biens et services aux personnes handicap\u00e9es.<\/p>\n<p><strong>taq<\/strong>\u00a0conservera un registre de la formation fournie, y compris le nom des participants ainsi que la date et le sujet des s\u00e9ances.<\/p>\n\t\t\t\t\t<a href=\"#\" id=\"fl-accordion--label-7\" tabindex=\"0\" aria-controls=\"fl-accordion--panel-7\">Autre Formats<\/a>\n\t\t\t\t\t\t\t\t\t\t\t<a href=\"#\" id=\"fl-accordion--icon-7\" tabindex=\"0\" aria-controls=\"fl-accordion--panel-7\"><i>Expand<\/i><\/a>\n\t\t\t\t\t<p>Sur demande,\u00a0<strong>taq<\/strong>\u00a0fournira des informations sous d&rsquo;autres formats (p. ex. la publication de renseignements autrement que par les imprim\u00e9s classiques). Il peut s&rsquo;agir entre autres de version papier, de copies en gros caract\u00e8res, etc.<\/p>\n\t\t\t\t\t<a href=\"#\" id=\"fl-accordion--label-8\" tabindex=\"0\" aria-controls=\"fl-accordion--panel-8\">Modifications \u00e0 la pr\u00e9sente ou \u00e0 d&rsquo;autres politiques<\/a>\n\t\t\t\t\t\t\t\t\t\t\t<a href=\"#\" id=\"fl-accordion--icon-8\" tabindex=\"0\" aria-controls=\"fl-accordion--panel-8\"><i>Expand<\/i><\/a>\n\t\t\t\t\t<p>taq is committed to developing customer service policies that respect and promote the dignity and independence of people with disabilities. Therefore, no changes will be made to this policy before considering the impact on people with disabilities. Any policy of taq that does not respect and promote the dignity and independence of people with disabilities will be modified or removed.<\/p>\n\t\t\t\t\t<a href=\"#\" id=\"fl-accordion--label-9\" tabindex=\"0\" aria-controls=\"fl-accordion--panel-9\">Questions concernant la pr\u00e9sente politique<\/a>\n\t\t\t\t\t\t\t\t\t\t\t<a href=\"#\" id=\"fl-accordion--icon-9\" tabindex=\"0\" aria-controls=\"fl-accordion--panel-9\"><i>Expand<\/i><\/a>\n\t\t\t\t\t<p>La pr\u00e9sente politique a pour but d&rsquo;atteindre l&rsquo;excellence en mati\u00e8re de service aux personnes handicap\u00e9es. Toute question doit \u00eatre soumise aux Ressources humaines \u00e0\u00a0<a href=\"mailto:HR@taqauto.com\">HR@taqauto.com<\/a><\/p>\n\t\t\t\t\t<a href=\"#\" id=\"fl-accordion--label-10\" tabindex=\"0\" aria-controls=\"fl-accordion--panel-10\">Commentaires<\/a>\n\t\t\t\t\t\t\t\t\t\t\t<a href=\"#\" id=\"fl-accordion--icon-10\" tabindex=\"0\" aria-controls=\"fl-accordion--panel-10\"><i>Expand<\/i><\/a>\n\t\t\t\t\t<p>L&rsquo;objectif premier de\u00a0<strong>taq<\/strong>\u00a0consiste \u00e0 r\u00e9pondre aux attentes des clients, voire \u00e0 les surpasser, tout en fournissant des services aux personnes handicap\u00e9es.\u00a0<strong>taq<\/strong>\u00a0appr\u00e9cie de recevoir des commentaires sur les services fournis aux personnes handicap\u00e9es.<\/p>\n<p>Les commentaires concernant la fa\u00e7on dont\u00a0<strong>taq<\/strong>\u00a0fournit des biens et services aux personnes handicap\u00e9es peuvent \u00eatre fournis verbalement, par \u00e9crit, sous forme \u00e9lectronique ou par toute autre m\u00e9thode par l&rsquo;entremise des coordonn\u00e9es ci-dessous. Si l&rsquo;exp\u00e9diteur du commentaire souhaite \u00eatre contact\u00e9, il ou elle doit fournir son nom et ses coordonn\u00e9es.<\/p>\n<p><strong>taq<\/strong>\u00a0traitera les plaintes re\u00e7ues par l&rsquo;entremise des commentaires dans un d\u00e9lai raisonnable.<\/p>\n\t\t\t<a href=\"https:\/\/www.taqauto.com\/wp-content\/uploads\/2024\/04\/taq_Multi_Year_Accessibility_Plan_2024.pdf\" target=\"_blank\" role=\"button\" rel=\"noopener\">\n\t\t\t\t\t\tPlan d&rsquo;accessibilit\u00e9 pluriannuel\n\t\t\t\t\t<\/a>\n\n","protected":false},"excerpt":{"rendered":"<p>Politiques, pratiques et proc\u00e9dures relatives au Service \u00e0 la client\u00e8le Fourniture de biens et services aux personnes handicap\u00e9es. Introduction Expand&hellip;<\/p>\n","protected":false},"author":11,"featured_media":0,"parent":0,"menu_order":0,"comment_status":"closed","ping_status":"closed","template":"","meta":{"_acf_changed":false,"footnotes":""},"class_list":["post-3998","page","type-page","status-publish","hentry"],"acf":[],"yoast_head":"<!-- This site is optimized with the Yoast SEO plugin v26.8 - https:\/\/yoast.com\/product\/yoast-seo-wordpress\/ -->\n<title>Accessibility - taq Automotive Intelligence<\/title>\n<meta name=\"description\" content=\"Find out more about taq&#039;s Customer Service Policies, Practices, and Procedures\" \/>\n<meta name=\"robots\" content=\"index, follow, max-snippet:-1, max-image-preview:large, max-video-preview:-1\" \/>\n<link rel=\"canonical\" href=\"https:\/\/www.taqauto.com\/fr\/accessibility\/\" \/>\n<meta property=\"og:locale\" content=\"fr_CA\" \/>\n<meta property=\"og:type\" content=\"article\" \/>\n<meta property=\"og:title\" content=\"Accessibility - taq Automotive Intelligence\" \/>\n<meta property=\"og:description\" content=\"Find out more about taq&#039;s Customer Service Policies, Practices, and Procedures\" \/>\n<meta property=\"og:url\" content=\"https:\/\/www.taqauto.com\/fr\/accessibility\/\" \/>\n<meta property=\"og:site_name\" content=\"taq\" \/>\n<meta property=\"article:modified_time\" content=\"2025-01-29T22:48:21+00:00\" \/>\n<meta name=\"twitter:card\" content=\"summary_large_image\" \/>\n<meta name=\"twitter:label1\" content=\"Estimation du temps de lecture\" \/>\n\t<meta name=\"twitter:data1\" content=\"6 minutes\" \/>\n<script type=\"application\/ld+json\" class=\"yoast-schema-graph\">{\"@context\":\"https:\/\/schema.org\",\"@graph\":[{\"@type\":\"WebPage\",\"@id\":\"https:\/\/www.taqauto.com\/fr\/accessibility\/\",\"url\":\"https:\/\/www.taqauto.com\/fr\/accessibility\/\",\"name\":\"Accessibility - taq Automotive Intelligence\",\"isPartOf\":{\"@id\":\"https:\/\/dev.taqauto.com\/#website\"},\"datePublished\":\"2020-11-11T18:49:57+00:00\",\"dateModified\":\"2025-01-29T22:48:21+00:00\",\"description\":\"Find out more about taq's Customer Service Policies, Practices, and Procedures\",\"breadcrumb\":{\"@id\":\"https:\/\/www.taqauto.com\/fr\/accessibility\/#breadcrumb\"},\"inLanguage\":\"fr-CA\",\"potentialAction\":[{\"@type\":\"ReadAction\",\"target\":[\"https:\/\/www.taqauto.com\/fr\/accessibility\/\"]}]},{\"@type\":\"BreadcrumbList\",\"@id\":\"https:\/\/www.taqauto.com\/fr\/accessibility\/#breadcrumb\",\"itemListElement\":[{\"@type\":\"ListItem\",\"position\":1,\"name\":\"Home\",\"item\":\"https:\/\/dev.taqauto.com\/fr\/\"},{\"@type\":\"ListItem\",\"position\":2,\"name\":\"Accessibility\"}]},{\"@type\":\"WebSite\",\"@id\":\"https:\/\/dev.taqauto.com\/#website\",\"url\":\"https:\/\/dev.taqauto.com\/\",\"name\":\"taq\",\"description\":\"We\u2019re creating a smarter way to sell cars.\",\"potentialAction\":[{\"@type\":\"SearchAction\",\"target\":{\"@type\":\"EntryPoint\",\"urlTemplate\":\"https:\/\/dev.taqauto.com\/?s={search_term_string}\"},\"query-input\":{\"@type\":\"PropertyValueSpecification\",\"valueRequired\":true,\"valueName\":\"search_term_string\"}}],\"inLanguage\":\"fr-CA\"}]}<\/script>\n<!-- \/ Yoast SEO plugin. -->","yoast_head_json":{"title":"Accessibility - taq Automotive Intelligence","description":"Find out more about taq's Customer Service Policies, Practices, and Procedures","robots":{"index":"index","follow":"follow","max-snippet":"max-snippet:-1","max-image-preview":"max-image-preview:large","max-video-preview":"max-video-preview:-1"},"canonical":"https:\/\/www.taqauto.com\/fr\/accessibility\/","og_locale":"fr_CA","og_type":"article","og_title":"Accessibility - taq Automotive Intelligence","og_description":"Find out more about taq's Customer Service Policies, Practices, and Procedures","og_url":"https:\/\/www.taqauto.com\/fr\/accessibility\/","og_site_name":"taq","article_modified_time":"2025-01-29T22:48:21+00:00","twitter_card":"summary_large_image","twitter_misc":{"Estimation du temps de lecture":"6 minutes"},"schema":{"@context":"https:\/\/schema.org","@graph":[{"@type":"WebPage","@id":"https:\/\/www.taqauto.com\/fr\/accessibility\/","url":"https:\/\/www.taqauto.com\/fr\/accessibility\/","name":"Accessibility - taq Automotive Intelligence","isPartOf":{"@id":"https:\/\/dev.taqauto.com\/#website"},"datePublished":"2020-11-11T18:49:57+00:00","dateModified":"2025-01-29T22:48:21+00:00","description":"Find out more about taq's Customer Service Policies, Practices, and Procedures","breadcrumb":{"@id":"https:\/\/www.taqauto.com\/fr\/accessibility\/#breadcrumb"},"inLanguage":"fr-CA","potentialAction":[{"@type":"ReadAction","target":["https:\/\/www.taqauto.com\/fr\/accessibility\/"]}]},{"@type":"BreadcrumbList","@id":"https:\/\/www.taqauto.com\/fr\/accessibility\/#breadcrumb","itemListElement":[{"@type":"ListItem","position":1,"name":"Home","item":"https:\/\/dev.taqauto.com\/fr\/"},{"@type":"ListItem","position":2,"name":"Accessibility"}]},{"@type":"WebSite","@id":"https:\/\/dev.taqauto.com\/#website","url":"https:\/\/dev.taqauto.com\/","name":"taq","description":"We\u2019re creating a smarter way to sell cars.","potentialAction":[{"@type":"SearchAction","target":{"@type":"EntryPoint","urlTemplate":"https:\/\/dev.taqauto.com\/?s={search_term_string}"},"query-input":{"@type":"PropertyValueSpecification","valueRequired":true,"valueName":"search_term_string"}}],"inLanguage":"fr-CA"}]}},"_links":{"self":[{"href":"https:\/\/www.taqauto.com\/fr\/wp-json\/wp\/v2\/pages\/3998","targetHints":{"allow":["GET"]}}],"collection":[{"href":"https:\/\/www.taqauto.com\/fr\/wp-json\/wp\/v2\/pages"}],"about":[{"href":"https:\/\/www.taqauto.com\/fr\/wp-json\/wp\/v2\/types\/page"}],"author":[{"embeddable":true,"href":"https:\/\/www.taqauto.com\/fr\/wp-json\/wp\/v2\/users\/11"}],"replies":[{"embeddable":true,"href":"https:\/\/www.taqauto.com\/fr\/wp-json\/wp\/v2\/comments?post=3998"}],"version-history":[{"count":0,"href":"https:\/\/www.taqauto.com\/fr\/wp-json\/wp\/v2\/pages\/3998\/revisions"}],"wp:attachment":[{"href":"https:\/\/www.taqauto.com\/fr\/wp-json\/wp\/v2\/media?parent=3998"}],"curies":[{"name":"wp","href":"https:\/\/api.w.org\/{rel}","templated":true}]}}